{"id":134,"date":"2026-02-14T04:39:54","date_gmt":"2026-02-14T04:39:54","guid":{"rendered":"https:\/\/dap.bigway.dev\/?page_id=134"},"modified":"2026-02-14T04:39:54","modified_gmt":"2026-02-14T04:39:54","slug":"kontakt","status":"publish","type":"page","link":"https:\/\/dap.bigway.dev\/en\/kontakt\/","title":{"rendered":"Contact"},"content":{"rendered":"<p>Ozvite sa n\u00e1m a vyu\u017eite odborn\u00e9 vedenie, ktor\u00e9 v\u00e1m pom\u00f4\u017ee urobi\u0165 spr\u00e1vne pr\u00e1vne rozhodnutia.<\/p>","protected":false},"excerpt":{"rendered":"<p>Ozvite sa n\u00e1m a vyu\u017eite odborn\u00e9 vedenie, ktor\u00e9 v\u00e1m pom\u00f4\u017ee urobi\u0165 spr\u00e1vne pr\u00e1vne rozhodnutia.<\/p>","protected":false},"author":1,"featured_media":0,"parent":0,"menu_order":0,"comment_status":"closed","ping_status":"closed","template":"","meta":{"_acf_changed":false,"footnotes":""},"class_list":["post-134","page","type-page","status-publish","hentry"],"acf":[],"_links":{"self":[{"href":"https:\/\/dap.bigway.dev\/en\/wp-json\/wp\/v2\/pages\/134","targetHints":{"allow":["GET"]}}],"collection":[{"href":"https:\/\/dap.bigway.dev\/en\/wp-json\/wp\/v2\/pages"}],"about":[{"href":"https:\/\/dap.bigway.dev\/en\/wp-json\/wp\/v2\/types\/page"}],"author":[{"embeddable":true,"href":"https:\/\/dap.bigway.dev\/en\/wp-json\/wp\/v2\/users\/1"}],"replies":[{"embeddable":true,"href":"https:\/\/dap.bigway.dev\/en\/wp-json\/wp\/v2\/comments?post=134"}],"version-history":[{"count":1,"href":"https:\/\/dap.bigway.dev\/en\/wp-json\/wp\/v2\/pages\/134\/revisions"}],"predecessor-version":[{"id":135,"href":"https:\/\/dap.bigway.dev\/en\/wp-json\/wp\/v2\/pages\/134\/revisions\/135"}],"wp:attachment":[{"href":"https:\/\/dap.bigway.dev\/en\/wp-json\/wp\/v2\/media?parent=134"}],"curies":[{"name":"wp","href":"https:\/\/api.w.org\/{rel}","templated":true}]}}